{"id":2424,"date":"2021-08-30T15:23:20","date_gmt":"2021-08-30T13:23:20","guid":{"rendered":"https:\/\/www.genoma.design\/informativa-privacy-cookie\/"},"modified":"2022-08-09T10:06:40","modified_gmt":"2022-08-09T08:06:40","slug":"privacy-cookie-policy","status":"publish","type":"page","link":"https:\/\/www.genoma.design\/en\/privacy-cookie-policy\/","title":{"rendered":"Informativa sulla Privacy e sui Cookie"},"content":{"rendered":"<p><div class=\"fusion-fullwidth fullwidth-box fusion-builder-row-1 fusion-flex-container nonhundred-percent-fullwidth non-hundred-percent-height-scrolling\" style=\"--awb-border-radius-top-left:0px;--awb-border-radius-top-right:0px;--awb-border-radius-bottom-right:0px;--awb-border-radius-bottom-left:0px;--awb-flex-wrap:wrap;\" ><div class=\"fusion-builder-row fusion-row fusion-flex-align-items-flex-start fusion-flex-content-wrap\" style=\"max-width:1420.64px;margin-left: calc(-4% \/ 2 );margin-right: calc(-4% \/ 2 );\"><div class=\"fusion-layout-column fusion_builder_column fusion-builder-column-0 fusion_builder_column_1_1 1_1 fusion-flex-column\" style=\"--awb-bg-size:cover;--awb-width-large:100%;--awb-margin-top-large:0px;--awb-spacing-right-large:1.92%;--awb-margin-bottom-large:20px;--awb-spacing-left-large:1.92%;--awb-width-medium:100%;--awb-order-medium:0;--awb-spacing-right-medium:1.92%;--awb-spacing-left-medium:1.92%;--awb-width-small:100%;--awb-order-small:0;--awb-spacing-right-small:1.92%;--awb-spacing-left-small:1.92%;\"><div class=\"fusion-column-wrapper fusion-column-has-shadow fusion-flex-justify-content-flex-start fusion-content-layout-column\"><div class=\"fusion-title title fusion-title-1 fusion-sep-none fusion-title-center fusion-title-text fusion-title-size-two\"><h2 class=\"fusion-title-heading title-heading-center\" style=\"margin:0;\"><h4>Privacy policy<\/h4><\/h2><\/div><div class=\"fusion-text fusion-text-1\" style=\"--awb-text-transform:none;\"><div class=\"l-customer_service\">\n<div class=\"l-customer_service-right\">\n<div class=\"l-customer_service_content lang-it_IT \">\n<div class=\"b-customer_service-customization js-cs-content b-newsletter_profile\">\n<div class=\"b-content_asset b-content_asset--newsletter-notice content-asset\">\n<p>Ai sensi delle leggi applicabili, GDESIGN srl a soio unico, societ\u00e0 di diritto italiano (di seguito Titolare del trattamento) Le fornisce le seguenti informazioni circa la raccolta, l\u2019utilizzo, la comunicazione ed il trattamento dei Suoi dati personali.<\/p>\n<h3><\/h3>\n<h4>Finalit\u00e0 del trattamento<\/h4>\n<p>I dati personali da Lei forniti attraverso i moduli di registrazione saranno raccolti, utilizzati, comunicati e trattati per iscriverLa nei nostri registri in caso di richieste di informazioni, acquisti, spedizioni o iscrizioni alla newsletter GENOMA.<\/p>\n<p>La base giuridica del trattamento \u00e8: l\u2019esecuzione di un contratto di cui Lei \u00e8 parte.<\/p>\n<h3><\/h3>\n<h4>Periodo di conservazione<\/h4>\n<p>I dati raccolti per finalit\u00e0 di registrazione alla newsletter saranno conservati fin quando Lei non chieda di revocare la Sua registrazione alla newsletter. Gli altri dati (es. registrati per acquisti e spedizioni) saranno cancellati alla scadenza di 24 mesi dalla registrazione.<\/p>\n<p>Alla scadenza dei termini di conservazione sopra indicati i dati saranno cancellati.<\/p>\n<h4>Conferimento dei dati<\/h4>\n<p>Il conferimento dei Suoi dati \u00e8 necessario per potere perfezionare l\u2019iscrizione alla newsletter e\/o per la gestione delle Sue richieste e\/o per la gestione delle vendite. L\u2019eventuale mancato conferimento di dati precluder\u00e0 la Sua iscrizione alla newsletter o la conclusione del perfezionamento delle vendite o la risposta alle Sue richieste.<\/p>\n<p>Esiste un rischio di perdita e uso non conforme dei dati personali, tuttavia, GDESIGN srl ha implementato diverse misure di sicurezza allo scopo di proteggere I Suoi dati personali trattati con l\u2019ausilio di strumenti elettronici o automatizzati.<\/p>\n<h4>Modalit\u00e0 del trattamento dei dati<\/h4>\n<p>I dati raccolti saranno trattati e conservati sia su supporto cartaceo sia con l\u2019ausilio di strumenti automatizzati.<\/p>\n<h3><\/h3>\n<h4>Destinatari dei dati<\/h4>\n<p>I dati saranno trattati da:<\/p>\n<ul>\n<li>dipendenti e collaboratori del Titolare del trattamento designati quali soggetti autorizzati al trattamento;<\/li>\n<li>i soggetti terzi stabiliti nell\u2019Unione Europea e anche fuori dall\u2019Unione Europea, responsabili del trattamento, di cui si avvale il Titolare del trattamento in particolare per servizi di postalizzazione della newsletter, gestione e manutenzione del sistema CRM e degli altri sistemi informativi aziendali.<\/li>\n<\/ul>\n<p>I Suoi dati potranno essere inoltre comunicati a soggetti terzi, autonomi titolari del trattamento, in particolare ai liberi professionisti o alle societ\u00e0 che prestino attivit\u00e0 di consulenza e assistenza legale o fiscale.<\/p>\n<p>L\u2019elenco completo dei destinatari pu\u00f2 essere da Lei conosciuto scrivendo al seguente indirizzo: <a href=\"mailto:support@genoma.design\"><u>support@genoma.design<\/u><\/a><\/p>\n<h4>Trasferimento dei dati fuori dall\u2019Unione Europea<\/h4>\n<p>I Suoi dati saranno trasferiti fuori dal paese o dall\u2019Unione Europea, in paesi che non garantiscono un livello adeguato di protezione dei dati unicamente in conformit\u00e0 alle garanzie previste dalle leggi in materia di protezione dati applicabili.<\/p>\n<p>L\u2019elenco completo dei destinatari dei dati, stabiliti fuori dall\u2019Unione Europea, oppure una copia delle garanzie adottate dal Titolare del trattamento pu\u00f2 essere ottenuta scrivendo una mail al seguente indirizzo: <a href=\"mailto:support@genoma.design\"><u>support@genoma.design<\/u><\/a><u><\/u>\u00a0ovvero scrivendo una lettera all\u2019indirizzo sotto riportato.<\/p>\n<h3><\/h3>\n<h4>Diritti dell\u2019interessato<\/h4>\n<p>Ai sensi delle leggi vigenti, in qualsiasi momento \u00e8 possibile richiedere informazioni sui dati personali raccolti, utilizzati, divulgati o trattati dai Titolari del trattamento, nonch\u00e9 richiedere l&#8217;accesso a tali dati personali, chiederne l&#8217;integrazione, la rettifica o la cancellazione, chiederne la limitazione al trattamento e opporsi al loro trattamento.<\/p>\n<p>In particolare, Lei ha il diritto di opporsi e revocare, in tutto o in parte, il Suo consenso alla raccolta, all&#8217;utilizzo, alla comunicazione o al trattamento dei Suoi dati personali per finalit\u00e0 di profilazione o di invio di materiale pubblicitario, di vendita diretta o per il compimento di ricerche di mercato o di comunicazione commerciale sia automatizzata (e-mail, altri sistemi di comunicazione a distanza come, a titolo esemplificativo e non esaustivo: SMS, MMS, Whatsapp) e tradizionali (posta cartacea).<\/p>\n<p>Qualora Lei preferisca che il trattamento dei Suoi dati personali avvenga esclusivamente con modalit\u00e0 di contatto tradizionali, potr\u00e0 opporsi al trattamento dei Suoi dati personali mediante modalit\u00e0 di contatto automatizzate.<\/p>\n<p>Inoltre, Lei avr\u00e0 il diritto di ricevere i dati personali che La riguardano, che Lei ha fornito ai Responsabili del trattamento, in un formato strutturato, di uso comune e leggibile meccanicamente e di trasmetterli ad un altro titolare senza impedimenti da parte di quest&#8217;ultimo, dove: il trattamento \u00e8 basato sul consenso o su un contratto e il trattamento \u00e8 effettuato con mezzi automatizzati.<\/p>\n<p>Per esercitare i diritti di cui sopra e\/o per inoltrare richieste o reclami in merito al trattamento dei dati personali e\/o ritirare il consenso, \u00e8 possibile inviare una richiesta ai Titolari del trattamento scrivendo a questo indirizzo e-mail: <a href=\"mailto:support@genoma.design\"><u>support@genoma.design<\/u><\/a><u><\/u>\u00a0o agli indirizzi postali e di contatto indicati nell&#8217;epigrafe della presente informativa.<\/p>\n<p>\u00c8 altres\u00ec possibile presentare un reclamo all&#8217;autorit\u00e0 competente.<\/p>\n<p>Pu\u00f2 inoltre in ogni momento decidere di cancellare la Sua iscrizione alla newsletter cliccando il link inserito in coda a tutte le comunicazioni.<\/p>\n<h4>Responsabile della protezione dati<\/h4>\n<p>Il Responsabile della protezione dei dati \u00e8 contattabile all\u2019indirizzo email: <a href=\"mailto:support@genoma.design\"><u>support@genoma.design<\/u><\/a><\/p>\n<h4>Titolare del trattamento<\/h4>\n<p>Il titolare del trattamento \u00e8 GDESIGN srl a socio unico, con sede in Bari, Via Re Manfredi, 48.<\/p>\n<p>Data di decorrenza: Gennaio 2021<\/p>\n<\/div>\n<\/div>\n<\/div>\n<\/div>\n<\/div>\n<\/div><\/div><\/div><\/div><\/div><div id=\"cookie\" class=\"fusion-container-anchor\"><div class=\"fusion-fullwidth fullwidth-box fusion-builder-row-2 fusion-flex-container nonhundred-percent-fullwidth non-hundred-percent-height-scrolling\" style=\"--awb-border-radius-top-left:0px;--awb-border-radius-top-right:0px;--awb-border-radius-bottom-right:0px;--awb-border-radius-bottom-left:0px;--awb-flex-wrap:wrap;\" ><div class=\"fusion-builder-row fusion-row fusion-flex-align-items-flex-start fusion-flex-content-wrap\" style=\"max-width:1420.64px;margin-left: calc(-4% \/ 2 );margin-right: calc(-4% \/ 2 );\"><div class=\"fusion-layout-column fusion_builder_column fusion-builder-column-1 fusion_builder_column_1_1 1_1 fusion-flex-column\" style=\"--awb-bg-size:cover;--awb-width-large:100%;--awb-margin-top-large:0px;--awb-spacing-right-large:1.92%;--awb-margin-bottom-large:20px;--awb-spacing-left-large:1.92%;--awb-width-medium:100%;--awb-order-medium:0;--awb-spacing-right-medium:1.92%;--awb-spacing-left-medium:1.92%;--awb-width-small:100%;--awb-order-small:0;--awb-spacing-right-small:1.92%;--awb-spacing-left-small:1.92%;\"><div class=\"fusion-column-wrapper fusion-column-has-shadow fusion-flex-justify-content-flex-start fusion-content-layout-column\"><div class=\"fusion-title title fusion-title-2 fusion-sep-none fusion-title-center fusion-title-text fusion-title-size-two\"><h2 class=\"fusion-title-heading title-heading-center\" style=\"margin:0;\"><h4>Cookie policy<\/h4><\/h2><\/div><script id=\"CookieDeclaration\" src=\"https:\/\/consent.cookiebot.com\/6dbbc6bd-b7d2-490d-94bc-a0ba564552e5\/cd.js\" type=\"text\/javascript\" async><\/script><\/div><\/div><\/div><\/div><\/div><\/p>\n","protected":false},"excerpt":{"rendered":"","protected":false},"author":2,"featured_media":0,"parent":0,"menu_order":0,"comment_status":"closed","ping_status":"closed","template":"100-width.php","meta":{"inline_featured_image":false,"footnotes":""},"class_list":["post-2424","page","type-page","status-publish","hentry"],"yoast_head":"<!-- This site is optimized with the Yoast SEO plugin v25.0 - https:\/\/yoast.com\/wordpress\/plugins\/seo\/ -->\n<title>Informativa sulla Privacy e sui Cookie - Genoma Design<\/title>\n<meta name=\"robots\" content=\"index, follow, max-snippet:-1, max-image-preview:large, max-video-preview:-1\" \/>\n<link rel=\"canonical\" href=\"https:\/\/www.genoma.design\/en\/privacy-cookie-policy\/\" \/>\n<meta property=\"og:locale\" content=\"en_US\" \/>\n<meta property=\"og:type\" content=\"article\" \/>\n<meta property=\"og:title\" content=\"Informativa sulla Privacy e sui Cookie - Genoma Design\" \/>\n<meta property=\"og:url\" content=\"https:\/\/www.genoma.design\/en\/privacy-cookie-policy\/\" \/>\n<meta property=\"og:site_name\" content=\"Genoma Design\" \/>\n<meta property=\"article:modified_time\" content=\"2022-08-09T08:06:40+00:00\" \/>\n<meta name=\"twitter:card\" content=\"summary_large_image\" \/>\n<meta name=\"twitter:label1\" content=\"Est. reading time\" \/>\n\t<meta name=\"twitter:data1\" content=\"8 minutes\" \/>\n<script type=\"application\/ld+json\" class=\"yoast-schema-graph\">{\"@context\":\"https:\/\/schema.org\",\"@graph\":[{\"@type\":\"WebPage\",\"@id\":\"https:\/\/www.genoma.design\/en\/privacy-cookie-policy\/\",\"url\":\"https:\/\/www.genoma.design\/en\/privacy-cookie-policy\/\",\"name\":\"Informativa sulla Privacy e sui Cookie - Genoma Design\",\"isPartOf\":{\"@id\":\"https:\/\/www.genoma.design\/en\/#website\"},\"datePublished\":\"2021-08-30T13:23:20+00:00\",\"dateModified\":\"2022-08-09T08:06:40+00:00\",\"breadcrumb\":{\"@id\":\"https:\/\/www.genoma.design\/en\/privacy-cookie-policy\/#breadcrumb\"},\"inLanguage\":\"en-US\",\"potentialAction\":[{\"@type\":\"ReadAction\",\"target\":[\"https:\/\/www.genoma.design\/en\/privacy-cookie-policy\/\"]}]},{\"@type\":\"BreadcrumbList\",\"@id\":\"https:\/\/www.genoma.design\/en\/privacy-cookie-policy\/#breadcrumb\",\"itemListElement\":[{\"@type\":\"ListItem\",\"position\":1,\"name\":\"Home\",\"item\":\"https:\/\/www.genoma.design\/en\/\"},{\"@type\":\"ListItem\",\"position\":2,\"name\":\"Informativa sulla Privacy e sui Cookie\"}]},{\"@type\":\"WebSite\",\"@id\":\"https:\/\/www.genoma.design\/en\/#website\",\"url\":\"https:\/\/www.genoma.design\/en\/\",\"name\":\"Genoma Design\",\"description\":\"Choose your design, texture and light specifications. Starting today, making your designs unique is easier.\",\"publisher\":{\"@id\":\"https:\/\/www.genoma.design\/en\/#organization\"},\"potentialAction\":[{\"@type\":\"SearchAction\",\"target\":{\"@type\":\"EntryPoint\",\"urlTemplate\":\"https:\/\/www.genoma.design\/en\/?s={search_term_string}\"},\"query-input\":{\"@type\":\"PropertyValueSpecification\",\"valueRequired\":true,\"valueName\":\"search_term_string\"}}],\"inLanguage\":\"en-US\"},{\"@type\":\"Organization\",\"@id\":\"https:\/\/www.genoma.design\/en\/#organization\",\"name\":\"Genoma\",\"url\":\"https:\/\/www.genoma.design\/en\/\",\"logo\":{\"@type\":\"ImageObject\",\"inLanguage\":\"en-US\",\"@id\":\"https:\/\/www.genoma.design\/en\/#\/schema\/logo\/image\/\",\"url\":\"https:\/\/www.genoma.design\/wp-content\/uploads\/2022\/08\/logo-genoma.jpg\",\"contentUrl\":\"https:\/\/www.genoma.design\/wp-content\/uploads\/2022\/08\/logo-genoma.jpg\",\"width\":1024,\"height\":576,\"caption\":\"Genoma\"},\"image\":{\"@id\":\"https:\/\/www.genoma.design\/en\/#\/schema\/logo\/image\/\"}}]}<\/script>\n<!-- \/ Yoast SEO plugin. -->","yoast_head_json":{"title":"Informativa sulla Privacy e sui Cookie - Genoma Design","robots":{"index":"index","follow":"follow","max-snippet":"max-snippet:-1","max-image-preview":"max-image-preview:large","max-video-preview":"max-video-preview:-1"},"canonical":"https:\/\/www.genoma.design\/en\/privacy-cookie-policy\/","og_locale":"en_US","og_type":"article","og_title":"Informativa sulla Privacy e sui Cookie - Genoma Design","og_url":"https:\/\/www.genoma.design\/en\/privacy-cookie-policy\/","og_site_name":"Genoma Design","article_modified_time":"2022-08-09T08:06:40+00:00","twitter_card":"summary_large_image","twitter_misc":{"Est. reading time":"8 minutes"},"schema":{"@context":"https:\/\/schema.org","@graph":[{"@type":"WebPage","@id":"https:\/\/www.genoma.design\/en\/privacy-cookie-policy\/","url":"https:\/\/www.genoma.design\/en\/privacy-cookie-policy\/","name":"Informativa sulla Privacy e sui Cookie - Genoma Design","isPartOf":{"@id":"https:\/\/www.genoma.design\/en\/#website"},"datePublished":"2021-08-30T13:23:20+00:00","dateModified":"2022-08-09T08:06:40+00:00","breadcrumb":{"@id":"https:\/\/www.genoma.design\/en\/privacy-cookie-policy\/#breadcrumb"},"inLanguage":"en-US","potentialAction":[{"@type":"ReadAction","target":["https:\/\/www.genoma.design\/en\/privacy-cookie-policy\/"]}]},{"@type":"BreadcrumbList","@id":"https:\/\/www.genoma.design\/en\/privacy-cookie-policy\/#breadcrumb","itemListElement":[{"@type":"ListItem","position":1,"name":"Home","item":"https:\/\/www.genoma.design\/en\/"},{"@type":"ListItem","position":2,"name":"Informativa sulla Privacy e sui Cookie"}]},{"@type":"WebSite","@id":"https:\/\/www.genoma.design\/en\/#website","url":"https:\/\/www.genoma.design\/en\/","name":"Genoma Design","description":"Choose your design, texture and light specifications. Starting today, making your designs unique is easier.","publisher":{"@id":"https:\/\/www.genoma.design\/en\/#organization"},"potentialAction":[{"@type":"SearchAction","target":{"@type":"EntryPoint","urlTemplate":"https:\/\/www.genoma.design\/en\/?s={search_term_string}"},"query-input":{"@type":"PropertyValueSpecification","valueRequired":true,"valueName":"search_term_string"}}],"inLanguage":"en-US"},{"@type":"Organization","@id":"https:\/\/www.genoma.design\/en\/#organization","name":"Genoma","url":"https:\/\/www.genoma.design\/en\/","logo":{"@type":"ImageObject","inLanguage":"en-US","@id":"https:\/\/www.genoma.design\/en\/#\/schema\/logo\/image\/","url":"https:\/\/www.genoma.design\/wp-content\/uploads\/2022\/08\/logo-genoma.jpg","contentUrl":"https:\/\/www.genoma.design\/wp-content\/uploads\/2022\/08\/logo-genoma.jpg","width":1024,"height":576,"caption":"Genoma"},"image":{"@id":"https:\/\/www.genoma.design\/en\/#\/schema\/logo\/image\/"}}]}},"_links":{"self":[{"href":"https:\/\/www.genoma.design\/en\/wp-json\/wp\/v2\/pages\/2424","targetHints":{"allow":["GET"]}}],"collection":[{"href":"https:\/\/www.genoma.design\/en\/wp-json\/wp\/v2\/pages"}],"about":[{"href":"https:\/\/www.genoma.design\/en\/wp-json\/wp\/v2\/types\/page"}],"author":[{"embeddable":true,"href":"https:\/\/www.genoma.design\/en\/wp-json\/wp\/v2\/users\/2"}],"replies":[{"embeddable":true,"href":"https:\/\/www.genoma.design\/en\/wp-json\/wp\/v2\/comments?post=2424"}],"version-history":[{"count":0,"href":"https:\/\/www.genoma.design\/en\/wp-json\/wp\/v2\/pages\/2424\/revisions"}],"wp:attachment":[{"href":"https:\/\/www.genoma.design\/en\/wp-json\/wp\/v2\/media?parent=2424"}],"curies":[{"name":"wp","href":"https:\/\/api.w.org\/{rel}","templated":true}]}}